{"id":2537,"date":"2025-11-12T09:18:33","date_gmt":"2025-11-12T08:18:33","guid":{"rendered":"https:\/\/www.grazmarathon.at\/en\/?page_id=2537"},"modified":"2025-11-12T17:51:35","modified_gmt":"2025-11-12T16:51:35","slug":"road-closures","status":"publish","type":"page","link":"https:\/\/www.grazmarathon.at\/en\/laeuferinformation\/road-closures\/","title":{"rendered":"Road closures 2025"},"content":{"rendered":"<strong>Detailed Map Including Replacement Services and Detours by Holding Graz Lines Available <a href=\"https:\/\/www.grazmarathon.at\/wp-content\/uploads\/2025\/09\/0001-2501-GM-Anrainer-Infofolder-WEB.pdf\">HERE<\/a><\/strong>\n<h2 data-start=\"105\" data-end=\"140\"><strong data-start=\"109\" data-end=\"138\">Saturday, 11 October 2025<\/strong><\/h2>\n<p data-start=\"141\" data-end=\"317\">Due to the Family Run, Junior Marathon, Bambini Sprint, and City Run, the following road closures will take place around the Opera <strong>between 12:00 p.m. and 9:00 p.m.:<\/strong><\/p>\n\n<ul>\n \t<li data-start=\"321\" data-end=\"367\">From 12:00 p.m.: Closure of Burgring<\/li>\n \t<li data-start=\"370\" data-end=\"484\">From 12:00 p.m.: Complete closure of Opernring (Opernring up to Girardigasse; Girardigasse remains open)<\/li>\n \t<li data-start=\"487\" data-end=\"570\">From 5:00 p.m. to 6:30 p.m.: Closure in Stadtpark, Erzherzog-Johann-Allee<\/li>\n<\/ul>\n<h2 data-start=\"577\" data-end=\"610\"><strong data-start=\"581\" data-end=\"608\">Sunday, 12 October 2025<\/strong><\/h2>\n<p data-start=\"611\" data-end=\"718\">The entire marathon course will be closed on <strong data-start=\"656\" data-end=\"683\">Sunday, 12 October 2025<\/strong>, from <strong data-start=\"690\" data-end=\"716\">7:00 a.m. to 4:00 p.m.<\/strong><\/p>\n<p data-start=\"720\" data-end=\"923\">Traffic disruptions on adjacent streets can be expected starting at 7:00 a.m.<br data-start=\"801\" data-end=\"804\" \/>Leaving the area by car is possible until 9:00 a.m. at the latest, in the running direction via designated exits.<\/p>\n\n<ul>\n \t<li data-start=\"927\" data-end=\"1063\">From 7:00 a.m.: Closure of Girardigasse, Opernring to Eisernes Tor; activation of closures along the race route begins<\/li>\n \t<li data-start=\"1066\" data-end=\"1124\">From 9:00 a.m.: Closure of the entire race route<\/li>\n \t<li data-start=\"1127\" data-end=\"1149\">End of closures:\n<ul>\n \t<li data-start=\"1154\" data-end=\"1205\">Sunday, 12 October: Opernring until 8:00 p.m.<\/li>\n \t<li data-start=\"1210\" data-end=\"1368\">Monday, 13 October: Burgring until 2:00 a.m.; the Opera and the opposite street section until 4:00 p.m.; cycle paths until midnight (12:00 a.m.)<\/li>\n<\/ul>\n<\/li>\n<\/ul>\n<h2 data-start=\"1375\" data-end=\"1448\"><strong data-start=\"1379\" data-end=\"1446\">Main Road Closures \u2013 Sunday, 12 Oct., 7:00 a.m. to 4:00 p.m.<\/strong><\/h2>\n<ul>\n \t<li data-start=\"1451\" data-end=\"1474\">Theodor-K\u00f6rner-Stra\u00dfe<\/li>\n \t<li data-start=\"1477\" data-end=\"1499\">Opernring \/ Burgring<\/li>\n \t<li data-start=\"1502\" data-end=\"1516\">Joanneumring<\/li>\n \t<li data-start=\"1519\" data-end=\"1549\">Conrad-von-H\u00f6tzendorf-Stra\u00dfe<\/li>\n \t<li data-start=\"1552\" data-end=\"1566\">Sch\u00f6naugasse<\/li>\n \t<li data-start=\"1569\" data-end=\"1589\">Grieskai \/ Lendkai<\/li>\n \t<li data-start=\"1592\" data-end=\"1606\">Keplerstra\u00dfe<\/li>\n \t<li data-start=\"1609\" data-end=\"1623\">K\u00f6r\u00f6sistra\u00dfe<\/li>\n \t<li data-start=\"1626\" data-end=\"1640\">Wienerstra\u00dfe<\/li>\n \t<li data-start=\"1643\" data-end=\"1657\">Grabenstra\u00dfe<\/li>\n \t<li data-start=\"1660\" data-end=\"1673\">Lange Gasse<\/li>\n \t<li data-start=\"1676\" data-end=\"1700\">Kaiser-Franz-Josef-Kai<\/li>\n \t<li data-start=\"1703\" data-end=\"1716\">Neutorgasse<\/li>\n \t<li data-start=\"1719\" data-end=\"1736\">Kaiserfeldgasse<\/li>\n \t<li data-start=\"1739\" data-end=\"1755\">Radetzkystra\u00dfe<\/li>\n \t<li data-start=\"1758\" data-end=\"1786\">Roseggerkai \/ Marburgerkai<\/li>\n \t<li data-start=\"1789\" data-end=\"1803\">Wielandgasse<\/li>\n \t<li data-start=\"1806\" data-end=\"1822\">Friedrichgasse<\/li>\n \t<li data-start=\"1825\" data-end=\"1843\">Pestalozzistra\u00dfe<\/li>\n \t<li data-start=\"1846\" data-end=\"1861\">Sch\u00f6naug\u00fcrtel<\/li>\n<\/ul>\n<h2 data-start=\"1868\" data-end=\"1943\"><strong data-start=\"1872\" data-end=\"1941\">Bridge Closures \u2013 Sunday, 12 October 2025, 7:00 a.m. to 4:00 p.m.<\/strong><\/h2>\n<ul>\n \t<li data-start=\"1946\" data-end=\"1963\">Augarten Bridge<\/li>\n \t<li data-start=\"1966\" data-end=\"1991\">Erzherzog-Johann Bridge<\/li>\n \t<li data-start=\"1994\" data-end=\"2011\">Radetzky Bridge<\/li>\n \t<li data-start=\"2014\" data-end=\"2029\">Kepler Bridge<\/li>\n \t<li data-start=\"2032\" data-end=\"2051\">Tegetthoff Bridge<\/li>\n<\/ul>\n<h2 data-start=\"2058\" data-end=\"2088\"><strong data-start=\"2062\" data-end=\"2086\">Longer-Term Closures<\/strong><\/h2>\n<p data-start=\"2089\" data-end=\"2195\">From <strong data-start=\"2094\" data-end=\"2116\">Tuesday, 7 October<\/strong>, general traffic disruptions in the <strong data-start=\"2153\" data-end=\"2167\">Opera area<\/strong> and <strong data-start=\"2172\" data-end=\"2192\">Franz-Graf-Allee<\/strong>.<\/p>\n\n<h2 data-start=\"2202\" data-end=\"2236\"><strong data-start=\"2206\" data-end=\"2234\">Bicycle Path Information<\/strong><\/h2>\n<p data-start=\"2237\" data-end=\"2459\" data-is-last-node=\"\" data-is-only-node=\"\">The cycle path in the Opernring and Burgring area will be closed from Tuesday 10:00 a.m. until the following Tuesday 4:00 p.m.<br data-start=\"2371\" data-end=\"2374\" \/>Along the entire marathon route, cyclists should expect restrictions and detours.<\/p>\n<p data-start=\"2237\" data-end=\"2459\" data-is-last-node=\"\" data-is-only-node=\"\"><\/p>\n\n<figure class=\"wp-block-image size-full\"><img decoding=\"async\" class=\"wp-image-6180\" src=\"https:\/\/www.grazmarathon.at\/wp-content\/uploads\/2025\/09\/Anrainerinformation-Strassensperren-beim-Graz-Marathon.jpg\" alt=\"\" \/><\/figure>\n<p data-start=\"2237\" data-end=\"2459\" data-is-last-node=\"\" data-is-only-node=\"\"><\/p>","protected":false},"excerpt":{"rendered":"<p>Detailed Map Including Replacement Services and Detours by Holding Graz Lines Available HERE Saturday, 11 October 2025 Due to the Family Run, Junior Marathon, Bambini Sprint, and City Run, the following road closures will take place around the Opera between 12:00 p.m. and 9:00 p.m.: From 12:00 p.m.: Closure of Burgring From 12:00 p.m.: Complete [&hellip;]<\/p>\n","protected":false},"author":10,"featured_media":2676,"parent":101,"menu_order":0,"comment_status":"closed","ping_status":"closed","template":"","meta":{"footnotes":""},"class_list":["post-2537","page","type-page","status-publish","has-post-thumbnail","hentry"],"_links":{"self":[{"href":"https:\/\/www.grazmarathon.at\/en\/wp-json\/wp\/v2\/pages\/2537","targetHints":{"allow":["GET"]}}],"collection":[{"href":"https:\/\/www.grazmarathon.at\/en\/wp-json\/wp\/v2\/pages"}],"about":[{"href":"https:\/\/www.grazmarathon.at\/en\/wp-json\/wp\/v2\/types\/page"}],"author":[{"embeddable":true,"href":"https:\/\/www.grazmarathon.at\/en\/wp-json\/wp\/v2\/users\/10"}],"replies":[{"embeddable":true,"href":"https:\/\/www.grazmarathon.at\/en\/wp-json\/wp\/v2\/comments?post=2537"}],"version-history":[{"count":2,"href":"https:\/\/www.grazmarathon.at\/en\/wp-json\/wp\/v2\/pages\/2537\/revisions"}],"predecessor-version":[{"id":2549,"href":"https:\/\/www.grazmarathon.at\/en\/wp-json\/wp\/v2\/pages\/2537\/revisions\/2549"}],"up":[{"embeddable":true,"href":"https:\/\/www.grazmarathon.at\/en\/wp-json\/wp\/v2\/pages\/101"}],"wp:featuredmedia":[{"embeddable":true,"href":"https:\/\/www.grazmarathon.at\/en\/wp-json\/wp\/v2\/media\/2676"}],"wp:attachment":[{"href":"https:\/\/www.grazmarathon.at\/en\/wp-json\/wp\/v2\/media?parent=2537"}],"curies":[{"name":"wp","href":"https:\/\/api.w.org\/{rel}","templated":true}]}}